{"id":3419,"date":"2021-06-04T14:36:52","date_gmt":"2021-06-04T18:36:52","guid":{"rendered":"https:\/\/popefranciscenter.org\/politica-de-privacidad\/"},"modified":"2025-07-03T09:19:38","modified_gmt":"2025-07-03T13:19:38","slug":"politica-de-privacidad","status":"publish","type":"page","link":"https:\/\/popefranciscenter.org\/es\/politica-de-privacidad\/","title":{"rendered":"Pol\u00edtica de Privacidad"},"content":{"rendered":"<div class=\"fusion-fullwidth fullwidth-box fusion-builder-row-1 fusion-flex-container has-pattern-background has-mask-background hundred-percent-fullwidth non-hundred-percent-height-scrolling\" style=\"--awb-border-radius-top-left:0px;--awb-border-radius-top-right:0px;--awb-border-radius-bottom-right:0px;--awb-border-radius-bottom-left:0px;--awb-padding-top:60px;--awb-padding-right:100px;--awb-padding-bottom:60px;--awb-padding-left:100px;--awb-padding-right-medium:50px;--awb-padding-left-medium:50px;--awb-padding-right-small:50px;--awb-padding-left-small:50px;--awb-flex-wrap:wrap;\" ><div class=\"fusion-builder-row fusion-row fusion-flex-align-items-flex-start fusion-flex-content-wrap\" style=\"width:104% !important;max-width:104% !important;margin-left: calc(-4% \/ 2 );margin-right: calc(-4% \/ 2 );\"><div class=\"fusion-layout-column fusion_builder_column fusion-builder-column-0 fusion_builder_column_1_1 1_1 fusion-flex-column\" style=\"--awb-bg-size:cover;--awb-width-large:100%;--awb-margin-top-large:0px;--awb-spacing-right-large:1.92%;--awb-margin-bottom-large:20px;--awb-spacing-left-large:1.92%;--awb-width-medium:100%;--awb-order-medium:0;--awb-spacing-right-medium:1.92%;--awb-spacing-left-medium:1.92%;--awb-width-small:100%;--awb-order-small:0;--awb-spacing-right-small:1.92%;--awb-spacing-left-small:1.92%;\"><div class=\"fusion-column-wrapper fusion-column-has-shadow fusion-flex-justify-content-flex-start fusion-content-layout-column\"><div class=\"fusion-text fusion-text-1\"><p><em>Fecha de entrada en vigor: 1\/1\/2021<\/em><\/p>\n<h3>Recopilaci\u00f3n, uso y divulgaci\u00f3n de informaci\u00f3n<\/h3>\n<p>Pope Francis Center recopila datos de identificaci\u00f3n personal cuando un usuario los env\u00eda voluntariamente, que pueden incluir: nombre, direcciones, c\u00f3digos postales, direcciones de correo electr\u00f3nico, informaci\u00f3n sobre la elecci\u00f3n del donante, grupos de usuarios, etc. Por ejemplo, se puede recopilar informaci\u00f3n de identificaci\u00f3n personal para registrar el deseo expreso de donar en l\u00ednea a Pope Francis Center a trav\u00e9s de un regalo directo o mediante una campa\u00f1a patrocinada por una empresa. Esta informaci\u00f3n es utilizada \u00fanicamente por Pope Francis Center u otras partes de la transacci\u00f3n con el fin de ejecutar la transacci\u00f3n, mejorar su experiencia con nosotros y para los fines comerciales internos de Pope Francis Center.  <\/p>\n<p>Somos los \u00fanicos propietarios de la informaci\u00f3n recopilada. No venderemos ni alquilaremos esta informaci\u00f3n a nadie. <\/p>\n<p>No compartiremos su informaci\u00f3n con terceros ajenos a nuestra organizaci\u00f3n, salvo con agencias, filiales, contratistas, asesores, proveedores de servicios o, a nuestra razonable discreci\u00f3n, para investigar o prevenir fraudes, actividades ilegales o el uso indebido de nuestro sitio web.<\/p>\n<p>Peri\u00f3dicamente, Pope Francis Center enviar\u00e1 comunicaciones electr\u00f3nicas en formato de bolet\u00edn informativo u otro formato a nuestros constituyentes, que incluyen donantes, voluntarios y otros contactos comerciales. Por lo general, estas comunicaciones incluyen informaci\u00f3n sobre informes de inversi\u00f3n comunitaria, informaci\u00f3n y resultados de programas financiados, noticias y eventos, as\u00ed como otra informaci\u00f3n pertinente que consideramos que debe comunicarse a nuestros constituyentes. Los destinatarios conservan la opci\u00f3n de darse de baja de estas comunicaciones en cualquier momento.  <\/p>\n<p>Si se registra para recibir noticias e informaci\u00f3n de nosotros a trav\u00e9s de nuestro sitio web, est\u00e1 eligiendo recibir comunicaciones por correo electr\u00f3nico de nuestra parte. Durante el registro, se requiere que un usuario proporcione cierta informaci\u00f3n (como el nombre y la direcci\u00f3n de correo electr\u00f3nico). Esta informaci\u00f3n se utiliza para ponernos en contacto con usted sobre nuestros programas y otras \u00e1reas de nuestro sitio en las que haya expresado inter\u00e9s. Si lo desea, tambi\u00e9n puede proporcionar informaci\u00f3n de preferencia adicional, pero no es obligatorio.   <\/p>\n<p>Podemos recopilar su direcci\u00f3n IP (Protocolo de Internet) para administrar nuestro sitio web. Cuando un navegador web o una aplicaci\u00f3n de correo electr\u00f3nico solicita una p\u00e1gina web o un correo electr\u00f3nico de otro ordenador en Internet, autom\u00e1ticamente le da a ese ordenador la direcci\u00f3n a la que debe enviar la informaci\u00f3n. Esto se llama la \u201cdirecci\u00f3n IP\u201d del ordenador. Esta \u201cdirecci\u00f3n\u201d no contiene ninguna informaci\u00f3n de identificaci\u00f3n personal.   <\/p>\n<p>Las cookies que se utilizan en el sitio web se denominan cookies de \u201csesi\u00f3n\u201d y se utilizan para identificar una visita concreta al sitio web. Las cookies de sesi\u00f3n caducan despu\u00e9s de un corto tiempo o cuando cierra su navegador web. Debido a los est\u00e1ndares de comunicaci\u00f3n en Internet, cuando visita el sitio web, Pope Francis Center recibe autom\u00e1ticamente el URL del sitio web del que procede y el sitio web al que va cuando abandona el sitio web. Tambi\u00e9n recibimos la direcci\u00f3n IP de su ordenador (o el servidor proxy que utiliza para acceder a la World Wide Web), el sistema operativo de su ordenador y el tipo de navegador web que est\u00e1 utilizando, as\u00ed como el nombre de su proveedor de servicios de Internet (ISP). Podemos utilizar esta informaci\u00f3n para analizar las tendencias generales para ayudarnos a mejorar nuestros servicios, pero generalmente no vinculamos esta informaci\u00f3n con informaci\u00f3n de identificaci\u00f3n personal de ninguna manera.    <\/p>\n<p>La informaci\u00f3n que Pope Francis Center recopila autom\u00e1ticamente, como el n\u00famero y la frecuencia de visitantes a nuestro sitio y sus \u00e1reas, se utiliza solo de forma agregada, de forma muy parecida a las clasificaciones de televisi\u00f3n que les dicen a las cadenas cu\u00e1ntas personas sintonizaron un programa. Estos datos colectivos nos ayudan a determinar cu\u00e1nto utilizan nuestros visitantes las partes del sitio, para que podamos mejorar continuamente nuestro sitio. Tambi\u00e9n podemos proporcionar informaci\u00f3n estad\u00edstica agregada de \u201cclasificaciones\u201d, nunca informaci\u00f3n sobre usted personalmente, a nuestros socios sobre c\u00f3mo nuestros visitantes, colectivamente, utilizan nuestro sitio web.  <\/p>\n<h3>Su acceso y control sobre la informaci\u00f3n<\/h3>\n<p>Se le da la oportunidad de \u201coptar por no participar\u201d en el uso de sus datos de identificaci\u00f3n personal con fines de comunicaci\u00f3n. Para acceder a sus datos, puede hacer lo siguiente en cualquier momento: <\/p>\n<ul>\n<li aria-level=\"1\">Cambiar\/corregir cualquier dato que tengamos sobre usted.<\/li>\n<li aria-level=\"1\">\u201cOptar por no participar\u201d en el uso de sus datos de identificaci\u00f3n personal con fines de comunicaci\u00f3n.<\/li>\n<li aria-level=\"1\">Expresar cualquier preocupaci\u00f3n que tenga sobre nuestro uso de sus datos.<\/li>\n<\/ul>\n<p>Si en alg\u00fan momento desea actualizar, corregir o eliminar su informaci\u00f3n, puede simplemente ponerse en contacto con nosotros directamente para cambiar su informaci\u00f3n. Tambi\u00e9n puede optar por no recibir ninguna comunicaci\u00f3n futura de nuestra parte en cualquiera de nuestras comunicaciones por correo electr\u00f3nico, formularios de registro o de compromiso o poni\u00e9ndose en contacto con nosotros directamente utilizando la informaci\u00f3n de contacto que se proporciona en la parte inferior de esta p\u00e1gina. <\/p>\n<h3>Enlaces<\/h3>\n<p>Este sitio web contiene enlaces a otros sitios web. Estos sitios web a los que puede enlazar desde nuestro sitio, incluidos los sitios web de nuestros socios, tienen sus propias pol\u00edticas de privacidad. Pope Francis Center no es responsable de las pr\u00e1cticas de privacidad de otros sitios web o afiliados. Le recomendamos que revise las pol\u00edticas de privacidad de los sitios web o agencias afiliadas antes de proporcionarles cualquiera de sus datos de identificaci\u00f3n personal.   <\/p>\n<h3>Google Analytics<\/h3>\n<p>Utilizamos una herramienta llamada \u201cGoogle Analytics \u201cpara recopilar informaci\u00f3n sobre el uso de este sitio. Google Analytics recopila informaci\u00f3n como la frecuencia con la que los usuarios visitan este sitio, qu\u00e9 p\u00e1ginas visitan cuando lo hacen y qu\u00e9 otros sitios utilizaron antes de llegar a este sitio. Utilizamos la informaci\u00f3n que obtenemos de Google Analytics solo para mejorar este sitio. Google Analytics recopila solo la direcci\u00f3n IP que se le asign\u00f3 en la fecha en que visita este sitio, en lugar de su nombre u otra informaci\u00f3n de identificaci\u00f3n. No combinamos la informaci\u00f3n recopilada mediante el uso de Google Analytics con informaci\u00f3n de identificaci\u00f3n personal. Aunque Google Analytics instala una cookie permanente en su navegador web para identificarlo como un usuario \u00fanico la pr\u00f3xima vez que visite este sitio, la cookie no puede ser utilizada por nadie m\u00e1s que por Google. La capacidad de Google para usar y compartir la informaci\u00f3n recopilada por Google Analytics sobre sus visitas a este sitio est\u00e1 restringida por las Condiciones de uso de Google Analytics(<a href=\"https:\/\/www.google.com\/analytics\/terms\/\">link is external<\/a>) y la Pol\u00edtica de privacidad de Google(<a href=\"https:\/\/policies.google.com\/privacy\">link is external<\/a>). Puede evitar que Google Analytics lo reconozca en futuras visitas a este sitio desactivando las cookies(<a href=\"https:\/\/support.google.com\/accounts\/answer\/61416\/turn-cookies-on-or-off-computer?co=GENIE.Platform=Desktop&amp;hl=en\">link is external<\/a>) en su navegador.\u201d       <\/p>\n<h3>Seguridad<\/h3>\n<p>Hemos implementado procedimientos f\u00edsicos, electr\u00f3nicos y administrativos comercialmente razonables dise\u00f1ados para salvaguardar y asegurar la informaci\u00f3n que recopilamos en l\u00ednea para un riesgo razonable previsible. Sin embargo, debido a la naturaleza de comunicaci\u00f3n abierta de Internet, no podemos garantizar que la comunicaci\u00f3n entre usted y nosotros y nosotros y usted estar\u00e1 libre de acceso no autorizado por terceros. POPE FRANCIS CENTER NO OFRECE NINGUNA GARANT\u00cdA EN CUANTO A LA SEGURIDAD DE SUS COMUNICACIONES DE DATOS, O QUE TERCEROS NO OBTENDR\u00c1N ACCESO NO AUTORIZADO O MONITOREAR\u00c1N SUS ORDENADORES O COMUNICACIONES EN L\u00cdNEA. USTED ACEPTA QUE POPE FRANCIS CENTER NO SER\u00c1 RESPONSABLE DE NING\u00daN ACCESO DE ESTE TIPO.   <\/p>\n<p>Ciframos los datos del cliente en tr\u00e1nsito y en reposo, siempre que el cliente utilice su dominio predeterminado o un dominio personalizado con un certificado SSL.<\/p>\n<h3>Aceptaci\u00f3n de la Pol\u00edtica de Privacidad<\/h3>\n<p>Al utilizar este sitio web (www.popefranciscenter.org), usted indica su aceptaci\u00f3n de esta Pol\u00edtica de Privacidad. Si tiene alguna inquietud sobre nuestra pol\u00edtica de privacidad, p\u00f3ngase en contacto con nosotros en el (313) 964-2823. Cualquier cambio en nuestra pol\u00edtica de privacidad se publicar\u00e1 en este URL. Por favor, vuelva y rev\u00edsela regularmente para asegurarse de que est\u00e1 al tanto en todo momento. En la medida en que lo permita la ley aplicable, su uso de nuestro sitio web y nuestro uso de su informaci\u00f3n de identificaci\u00f3n personal se regir\u00e1n por la pol\u00edtica de privacidad m\u00e1s actual.    <\/p>\n<p>Si tiene otras preguntas o inquietudes sobre estas pol\u00edticas de privacidad, env\u00edenos un correo electr\u00f3nico a <a href=\"mailto:info@popefranciscenter.org\">info@pfc.org<\/a>.<\/p>\n<p>Al aceptar estos T\u00e9rminos y condiciones, usted reconoce que al responder a una oportunidad que est\u00e1 patrocinada por o uno de sus socios comunitarios, su informaci\u00f3n de registro se compartir\u00e1 con y su socio comunitario con el fin de facilitar y coordinar la colocaci\u00f3n de voluntarios y con el fin de informar los datos de impacto de los voluntarios a la comunidad.<\/p>\n<\/div><\/div><\/div><\/div><\/div>\n","protected":false},"excerpt":{"rendered":"","protected":false},"author":10,"featured_media":0,"parent":0,"menu_order":14,"comment_status":"closed","ping_status":"closed","template":"100-width.php","meta":{"footnotes":""},"class_list":["post-3419","page","type-page","status-publish","hentry"],"yoast_head":"<!-- This site is optimized with the Yoast SEO plugin v27.2 - https:\/\/yoast.com\/product\/yoast-seo-wordpress\/ -->\n<title>Pol\u00edtica de Privacidad - Pope Francis Center<\/title>\n<meta name=\"robots\" content=\"index, follow, max-snippet:-1, max-image-preview:large, max-video-preview:-1\" \/>\n<link rel=\"canonical\" href=\"https:\/\/popefranciscenter.org\/es\/politica-de-privacidad\/\" \/>\n<meta property=\"og:locale\" content=\"es_ES\" \/>\n<meta property=\"og:type\" content=\"article\" \/>\n<meta property=\"og:title\" content=\"Pol\u00edtica de Privacidad - Pope Francis Center\" \/>\n<meta property=\"og:url\" content=\"https:\/\/popefranciscenter.org\/es\/politica-de-privacidad\/\" \/>\n<meta property=\"og:site_name\" content=\"Pope Francis Center\" \/>\n<meta property=\"article:publisher\" content=\"https:\/\/www.facebook.com\/popefranciscenter\" \/>\n<meta property=\"article:modified_time\" content=\"2025-07-03T13:19:38+00:00\" \/>\n<meta name=\"twitter:card\" content=\"summary_large_image\" \/>\n<meta name=\"twitter:label1\" content=\"Est. reading time\" \/>\n\t<meta name=\"twitter:data1\" content=\"11 minutos\" \/>\n<script type=\"application\/ld+json\" class=\"yoast-schema-graph\">{\"@context\":\"https:\/\/schema.org\",\"@graph\":[{\"@type\":\"WebPage\",\"@id\":\"https:\/\/popefranciscenter.org\/es\/politica-de-privacidad\/\",\"url\":\"https:\/\/popefranciscenter.org\/es\/politica-de-privacidad\/\",\"name\":\"Pol\u00edtica de Privacidad - Pope Francis Center\",\"isPartOf\":{\"@id\":\"https:\/\/popefranciscenter.org\/es\/#website\"},\"datePublished\":\"2021-06-04T18:36:52+00:00\",\"dateModified\":\"2025-07-03T13:19:38+00:00\",\"breadcrumb\":{\"@id\":\"https:\/\/popefranciscenter.org\/es\/politica-de-privacidad\/#breadcrumb\"},\"inLanguage\":\"es\",\"potentialAction\":[{\"@type\":\"ReadAction\",\"target\":[\"https:\/\/popefranciscenter.org\/es\/politica-de-privacidad\/\"]}]},{\"@type\":\"BreadcrumbList\",\"@id\":\"https:\/\/popefranciscenter.org\/es\/politica-de-privacidad\/#breadcrumb\",\"itemListElement\":[{\"@type\":\"ListItem\",\"position\":1,\"name\":\"Home\",\"item\":\"https:\/\/popefranciscenter.org\/es\/inicio\/\"},{\"@type\":\"ListItem\",\"position\":2,\"name\":\"Pol\u00edtica de Privacidad\"}]},{\"@type\":\"WebSite\",\"@id\":\"https:\/\/popefranciscenter.org\/es\/#website\",\"url\":\"https:\/\/popefranciscenter.org\/es\/\",\"name\":\"Pope Francis Center\",\"description\":\"Feeding. Serving. Empowering.\",\"publisher\":{\"@id\":\"https:\/\/popefranciscenter.org\/es\/#organization\"},\"potentialAction\":[{\"@type\":\"SearchAction\",\"target\":{\"@type\":\"EntryPoint\",\"urlTemplate\":\"https:\/\/popefranciscenter.org\/es\/?s={search_term_string}\"},\"query-input\":{\"@type\":\"PropertyValueSpecification\",\"valueRequired\":true,\"valueName\":\"search_term_string\"}}],\"inLanguage\":\"es\"},{\"@type\":\"Organization\",\"@id\":\"https:\/\/popefranciscenter.org\/es\/#organization\",\"name\":\"Centro Papa Francisco\",\"url\":\"https:\/\/popefranciscenter.org\/es\/\",\"logo\":{\"@type\":\"ImageObject\",\"inLanguage\":\"es\",\"@id\":\"https:\/\/popefranciscenter.org\/es\/#\/schema\/logo\/image\/\",\"url\":\"https:\/\/popefranciscenter.org\/wp-content\/uploads\/2025\/02\/PFC-Logo-Color.png\",\"contentUrl\":\"https:\/\/popefranciscenter.org\/wp-content\/uploads\/2025\/02\/PFC-Logo-Color.png\",\"width\":600,\"height\":378,\"caption\":\"Centro Papa Francisco\"},\"image\":{\"@id\":\"https:\/\/popefranciscenter.org\/es\/#\/schema\/logo\/image\/\"},\"sameAs\":[\"https:\/\/www.facebook.com\/popefranciscenter\",\"https:\/\/www.instagram.com\/popefranciscenter\/\",\"https:\/\/www.youtube.com\/@popefranciscenter\/\",\"https:\/\/www.linkedin.com\/company\/pope-francis-center\/\"]}]}<\/script>\n<!-- \/ Yoast SEO plugin. -->","yoast_head_json":{"title":"Pol\u00edtica de Privacidad - Pope Francis Center","robots":{"index":"index","follow":"follow","max-snippet":"max-snippet:-1","max-image-preview":"max-image-preview:large","max-video-preview":"max-video-preview:-1"},"canonical":"https:\/\/popefranciscenter.org\/es\/politica-de-privacidad\/","og_locale":"es_ES","og_type":"article","og_title":"Pol\u00edtica de Privacidad - Pope Francis Center","og_url":"https:\/\/popefranciscenter.org\/es\/politica-de-privacidad\/","og_site_name":"Pope Francis Center","article_publisher":"https:\/\/www.facebook.com\/popefranciscenter","article_modified_time":"2025-07-03T13:19:38+00:00","twitter_card":"summary_large_image","twitter_misc":{"Est. reading time":"11 minutos"},"schema":{"@context":"https:\/\/schema.org","@graph":[{"@type":"WebPage","@id":"https:\/\/popefranciscenter.org\/es\/politica-de-privacidad\/","url":"https:\/\/popefranciscenter.org\/es\/politica-de-privacidad\/","name":"Pol\u00edtica de Privacidad - Pope Francis Center","isPartOf":{"@id":"https:\/\/popefranciscenter.org\/es\/#website"},"datePublished":"2021-06-04T18:36:52+00:00","dateModified":"2025-07-03T13:19:38+00:00","breadcrumb":{"@id":"https:\/\/popefranciscenter.org\/es\/politica-de-privacidad\/#breadcrumb"},"inLanguage":"es","potentialAction":[{"@type":"ReadAction","target":["https:\/\/popefranciscenter.org\/es\/politica-de-privacidad\/"]}]},{"@type":"BreadcrumbList","@id":"https:\/\/popefranciscenter.org\/es\/politica-de-privacidad\/#breadcrumb","itemListElement":[{"@type":"ListItem","position":1,"name":"Home","item":"https:\/\/popefranciscenter.org\/es\/inicio\/"},{"@type":"ListItem","position":2,"name":"Pol\u00edtica de Privacidad"}]},{"@type":"WebSite","@id":"https:\/\/popefranciscenter.org\/es\/#website","url":"https:\/\/popefranciscenter.org\/es\/","name":"Pope Francis Center","description":"Feeding. Serving. Empowering.","publisher":{"@id":"https:\/\/popefranciscenter.org\/es\/#organization"},"potentialAction":[{"@type":"SearchAction","target":{"@type":"EntryPoint","urlTemplate":"https:\/\/popefranciscenter.org\/es\/?s={search_term_string}"},"query-input":{"@type":"PropertyValueSpecification","valueRequired":true,"valueName":"search_term_string"}}],"inLanguage":"es"},{"@type":"Organization","@id":"https:\/\/popefranciscenter.org\/es\/#organization","name":"Centro Papa Francisco","url":"https:\/\/popefranciscenter.org\/es\/","logo":{"@type":"ImageObject","inLanguage":"es","@id":"https:\/\/popefranciscenter.org\/es\/#\/schema\/logo\/image\/","url":"https:\/\/popefranciscenter.org\/wp-content\/uploads\/2025\/02\/PFC-Logo-Color.png","contentUrl":"https:\/\/popefranciscenter.org\/wp-content\/uploads\/2025\/02\/PFC-Logo-Color.png","width":600,"height":378,"caption":"Centro Papa Francisco"},"image":{"@id":"https:\/\/popefranciscenter.org\/es\/#\/schema\/logo\/image\/"},"sameAs":["https:\/\/www.facebook.com\/popefranciscenter","https:\/\/www.instagram.com\/popefranciscenter\/","https:\/\/www.youtube.com\/@popefranciscenter\/","https:\/\/www.linkedin.com\/company\/pope-francis-center\/"]}]}},"_links":{"self":[{"href":"https:\/\/popefranciscenter.org\/es\/wp-json\/wp\/v2\/pages\/3419","targetHints":{"allow":["GET"]}}],"collection":[{"href":"https:\/\/popefranciscenter.org\/es\/wp-json\/wp\/v2\/pages"}],"about":[{"href":"https:\/\/popefranciscenter.org\/es\/wp-json\/wp\/v2\/types\/page"}],"author":[{"embeddable":true,"href":"https:\/\/popefranciscenter.org\/es\/wp-json\/wp\/v2\/users\/10"}],"replies":[{"embeddable":true,"href":"https:\/\/popefranciscenter.org\/es\/wp-json\/wp\/v2\/comments?post=3419"}],"version-history":[{"count":0,"href":"https:\/\/popefranciscenter.org\/es\/wp-json\/wp\/v2\/pages\/3419\/revisions"}],"wp:attachment":[{"href":"https:\/\/popefranciscenter.org\/es\/wp-json\/wp\/v2\/media?parent=3419"}],"curies":[{"name":"wp","href":"https:\/\/api.w.org\/{rel}","templated":true}]}}